{"id":2,"date":"2024-09-13T07:47:38","date_gmt":"2024-09-13T07:47:38","guid":{"rendered":"https:\/\/lenceriaimas.rkinformatika.online\/?page_id=2"},"modified":"2025-04-24T15:46:07","modified_gmt":"2025-04-24T15:46:07","slug":"inicio","status":"publish","type":"page","link":"https:\/\/modimelandla.es\/en\/","title":{"rendered":"Products"},"content":{"rendered":"\t\t<div data-elementor-type=\"wp-page\" data-elementor-id=\"2\" class=\"elementor elementor-2\" data-elementor-post-type=\"page\">\n\t\t\t\t<div class=\"elementor-element elementor-element-74fb007 e-con-full e-flex e-con e-parent\" data-id=\"74fb007\" data-element_type=\"container\" data-e-type=\"container\" data-settings=\"{&quot;background_background&quot;:&quot;slideshow&quot;,&quot;background_slideshow_gallery&quot;:[{&quot;id&quot;:2683,&quot;url&quot;:&quot;https:\\\/\\\/modimelandla.es\\\/wp-content\\\/uploads\\\/2025\\\/04\\\/gray-woman-lingerie-set-on-wooden-background.jpg&quot;}],&quot;background_slideshow_loop&quot;:&quot;yes&quot;,&quot;background_slideshow_slide_duration&quot;:5000,&quot;background_slideshow_slide_transition&quot;:&quot;fade&quot;,&quot;background_slideshow_transition_duration&quot;:500}\">\n\t\t<div class=\"elementor-element elementor-element-8ac5612 e-con-full e-flex e-con e-child\" data-id=\"8ac5612\" data-element_type=\"container\" data-e-type=\"container\" data-settings=\"{&quot;background_background&quot;:&quot;classic&quot;}\">\n\t\t<div class=\"elementor-element elementor-element-81d720f e-con-full e-flex e-con e-child\" data-id=\"81d720f\" data-element_type=\"container\" data-e-type=\"container\" data-settings=\"{&quot;background_background&quot;:&quot;classic&quot;}\">\n\t\t<div class=\"elementor-element elementor-element-7e26446 e-con-full e-flex e-con e-child\" data-id=\"7e26446\" data-element_type=\"container\" data-e-type=\"container\">\n\t\t\t\t<div class=\"elementor-element elementor-element-be09c19 elementor-widget__width-initial elementor-widget elementor-widget-heading\" data-id=\"be09c19\" data-element_type=\"widget\" data-e-type=\"widget\" data-widget_type=\"heading.default\">\n\t\t\t\t<div class=\"elementor-widget-container\">\n\t\t\t\t\t<h2 class=\"elementor-heading-title elementor-size-default\">Modimel&amp;la <\/h2>\t\t\t\t<\/div>\n\t\t\t\t<\/div>\n\t\t\t\t<div class=\"elementor-element elementor-element-88536d7 elementor-widget__width-initial elementor-widget elementor-widget-heading\" data-id=\"88536d7\" data-element_type=\"widget\" data-e-type=\"widget\" data-widget_type=\"heading.default\">\n\t\t\t\t<div class=\"elementor-widget-container\">\n\t\t\t\t\t<h2 class=\"elementor-heading-title elementor-size-default\">Elegancia en cada detalle, comodidad <br>en cada prenda.<\/h2>\t\t\t\t<\/div>\n\t\t\t\t<\/div>\n\t\t\t\t<div class=\"elementor-element elementor-element-22841d7 elementor-widget elementor-widget-button\" data-id=\"22841d7\" data-element_type=\"widget\" data-e-type=\"widget\" data-widget_type=\"button.default\">\n\t\t\t\t<div class=\"elementor-widget-container\">\n\t\t\t\t\t\t\t\t\t<div class=\"elementor-button-wrapper\">\n\t\t\t\t\t<a class=\"elementor-button elementor-button-link elementor-size-sm elementor-animation-hang\" href=\"https:\/\/modimelandla.es\/productos\/\">\n\t\t\t\t\t\t<span class=\"elementor-button-content-wrapper\">\n\t\t\t\t\t\t\t\t\t<span class=\"elementor-button-text\">Saber M\u00e1s<\/span>\n\t\t\t\t\t<\/span>\n\t\t\t\t\t<\/a>\n\t\t\t\t<\/div>\n\t\t\t\t\t\t\t\t<\/div>\n\t\t\t\t<\/div>\n\t\t\t\t<\/div>\n\t\t\t\t<\/div>\n\t\t\t\t<\/div>\n\t\t\t\t<\/div>\n\t\t<div class=\"elementor-element elementor-element-19009a89 e-flex e-con-boxed e-con e-parent\" data-id=\"19009a89\" data-element_type=\"container\" data-e-type=\"container\" data-settings=\"{&quot;background_background&quot;:&quot;classic&quot;}\">\n\t\t\t\t\t<div class=\"e-con-inner\">\n\t\t<div class=\"elementor-element elementor-element-169bf024 e-con-full e-flex e-con e-child\" data-id=\"169bf024\" data-element_type=\"container\" data-e-type=\"container\">\n\t\t<div class=\"elementor-element elementor-element-6fff0d64 e-con-full e-flex e-con e-child\" data-id=\"6fff0d64\" data-element_type=\"container\" data-e-type=\"container\">\n\t\t\t\t<div class=\"elementor-element elementor-element-7c24311 elementor-invisible elementor-widget elementor-widget-heading\" data-id=\"7c24311\" data-element_type=\"widget\" data-e-type=\"widget\" data-settings=\"{&quot;_animation&quot;:&quot;fadeInUp&quot;}\" data-widget_type=\"heading.default\">\n\t\t\t\t<div class=\"elementor-widget-container\">\n\t\t\t\t\t<h2 class=\"elementor-heading-title elementor-size-default\">Sobre Nosotros<\/h2>\t\t\t\t<\/div>\n\t\t\t\t<\/div>\n\t\t\t\t<div class=\"elementor-element elementor-element-f385e2b elementor-invisible elementor-widget elementor-widget-text-editor\" data-id=\"f385e2b\" data-element_type=\"widget\" data-e-type=\"widget\" data-settings=\"{&quot;_animation&quot;:&quot;fadeInUp&quot;}\" data-widget_type=\"text-editor.default\">\n\t\t\t\t<div class=\"elementor-widget-container\">\n\t\t\t\t\t\t\t\t\t<p class=\"\" data-start=\"131\" data-end=\"383\">Somos amantes del estilo, la comodidad y la autoestima. Ofrecemos una gran variedad de Ropa interior, Pijamas, Accesorios, Lencer\u00eda y m\u00e1s, a precios accesibles, pensadas para realzar todos los cuerpos y gustos. Aqu\u00ed encontrar\u00e1s prendas de calidad, llenas de color, encanto y personalidad.<\/p><p class=\"\" data-start=\"385\" data-end=\"608\">Nuestro compromiso es brindarte una experiencia \u00fanica, con productos que combinan belleza, confort y confianza. Ya sea para el d\u00eda a d\u00eda o para una ocasi\u00f3n especial, tenemos la prenda perfecta para que te sientas incre\u00edble.<\/p><p class=\"\" data-start=\"610\" data-end=\"669\">Descubre nuestra colecci\u00f3n y transforma tu forma de vestir.<\/p>\t\t\t\t\t\t\t\t<\/div>\n\t\t\t\t<\/div>\n\t\t\t\t<\/div>\n\t\t<div class=\"elementor-element elementor-element-664b4845 e-con-full e-flex e-con e-child\" data-id=\"664b4845\" data-element_type=\"container\" data-e-type=\"container\">\n\t\t\t\t<div class=\"elementor-element elementor-element-697ceb0 elementor-widget elementor-widget-image\" data-id=\"697ceb0\" data-element_type=\"widget\" data-e-type=\"widget\" data-widget_type=\"image.default\">\n\t\t\t\t<div class=\"elementor-widget-container\">\n\t\t\t\t\t\t\t\t\t\t\t\t\t\t\t<img fetchpriority=\"high\" decoding=\"async\" width=\"800\" height=\"395\" src=\"https:\/\/modimelandla.es\/wp-content\/uploads\/2025\/04\/WhatsApp-Image-2025-04-24-at-17.09.41-e1745509346935-1024x506.jpeg\" class=\"attachment-large size-large wp-image-2821\" alt=\"\" srcset=\"https:\/\/modimelandla.es\/wp-content\/uploads\/2025\/04\/WhatsApp-Image-2025-04-24-at-17.09.41-e1745509346935-1024x506.jpeg 1024w, https:\/\/modimelandla.es\/wp-content\/uploads\/2025\/04\/WhatsApp-Image-2025-04-24-at-17.09.41-e1745509346935-300x148.jpeg 300w, https:\/\/modimelandla.es\/wp-content\/uploads\/2025\/04\/WhatsApp-Image-2025-04-24-at-17.09.41-e1745509346935-768x379.jpeg 768w, https:\/\/modimelandla.es\/wp-content\/uploads\/2025\/04\/WhatsApp-Image-2025-04-24-at-17.09.41-e1745509346935-18x9.jpeg 18w, https:\/\/modimelandla.es\/wp-content\/uploads\/2025\/04\/WhatsApp-Image-2025-04-24-at-17.09.41-e1745509346935.jpeg 1432w\" sizes=\"(max-width: 800px) 100vw, 800px\" \/>\t\t\t\t\t\t\t\t\t\t\t\t\t\t\t<\/div>\n\t\t\t\t<\/div>\n\t\t\t\t<\/div>\n\t\t\t\t<\/div>\n\t\t\t\t\t<\/div>\n\t\t\t\t<\/div>\n\t\t<div class=\"elementor-element elementor-element-841c71a e-flex e-con-boxed e-con e-parent\" data-id=\"841c71a\" data-element_type=\"container\" data-e-type=\"container\">\n\t\t\t\t\t<div class=\"e-con-inner\">\n\t\t<div class=\"elementor-element elementor-element-8b6b249 e-con-full e-flex e-con e-child\" data-id=\"8b6b249\" data-element_type=\"container\" data-e-type=\"container\">\n\t\t\t\t<div class=\"elementor-element elementor-element-46afabe elementor-widget__width-initial elementor-widget-tablet__width-initial elementor-invisible elementor-widget elementor-widget-counter\" data-id=\"46afabe\" data-element_type=\"widget\" data-e-type=\"widget\" data-settings=\"{&quot;_animation&quot;:&quot;fadeInUp&quot;}\" data-widget_type=\"counter.default\">\n\t\t\t\t<div class=\"elementor-widget-container\">\n\t\t\t\t\t\t\t<div class=\"elementor-counter\">\n\t\t\t<div class=\"elementor-counter-title\">A\u00f1os de Experiencia <\/div>\t\t\t<div class=\"elementor-counter-number-wrapper\">\n\t\t\t\t<span class=\"elementor-counter-number-prefix\">+<\/span>\n\t\t\t\t<span class=\"elementor-counter-number\" data-duration=\"2000\" data-to-value=\"10\" data-from-value=\"0\" data-delimiter=\",\">0<\/span>\n\t\t\t\t<span class=\"elementor-counter-number-suffix\"><\/span>\n\t\t\t<\/div>\n\t\t<\/div>\n\t\t\t\t\t\t<\/div>\n\t\t\t\t<\/div>\n\t\t\t\t<\/div>\n\t\t<div class=\"elementor-element elementor-element-4d5bcb0 e-con-full e-flex e-con e-child\" data-id=\"4d5bcb0\" data-element_type=\"container\" data-e-type=\"container\">\n\t\t\t\t<div class=\"elementor-element elementor-element-119ee41 elementor-widget__width-initial elementor-widget-tablet__width-initial elementor-invisible elementor-widget elementor-widget-counter\" data-id=\"119ee41\" data-element_type=\"widget\" data-e-type=\"widget\" data-settings=\"{&quot;_animation&quot;:&quot;fadeInUp&quot;}\" data-widget_type=\"counter.default\">\n\t\t\t\t<div class=\"elementor-widget-container\">\n\t\t\t\t\t\t\t<div class=\"elementor-counter\">\n\t\t\t<div class=\"elementor-counter-title\">Clientes Felices<\/div>\t\t\t<div class=\"elementor-counter-number-wrapper\">\n\t\t\t\t<span class=\"elementor-counter-number-prefix\">+<\/span>\n\t\t\t\t<span class=\"elementor-counter-number\" data-duration=\"2000\" data-to-value=\"15000\" data-from-value=\"0\" data-delimiter=\".\">0<\/span>\n\t\t\t\t<span class=\"elementor-counter-number-suffix\"><\/span>\n\t\t\t<\/div>\n\t\t<\/div>\n\t\t\t\t\t\t<\/div>\n\t\t\t\t<\/div>\n\t\t\t\t<\/div>\n\t\t<div class=\"elementor-element elementor-element-c3bd539 e-con-full e-flex e-con e-child\" data-id=\"c3bd539\" data-element_type=\"container\" data-e-type=\"container\">\n\t\t\t\t<div class=\"elementor-element elementor-element-f0ddb70 elementor-widget__width-initial elementor-widget-tablet__width-initial elementor-invisible elementor-widget elementor-widget-counter\" data-id=\"f0ddb70\" data-element_type=\"widget\" data-e-type=\"widget\" data-settings=\"{&quot;_animation&quot;:&quot;fadeInUp&quot;}\" data-widget_type=\"counter.default\">\n\t\t\t\t<div class=\"elementor-widget-container\">\n\t\t\t\t\t\t\t<div class=\"elementor-counter\">\n\t\t\t<div class=\"elementor-counter-title\">Categ\u00f3rias Producto<\/div>\t\t\t<div class=\"elementor-counter-number-wrapper\">\n\t\t\t\t<span class=\"elementor-counter-number-prefix\">+<\/span>\n\t\t\t\t<span class=\"elementor-counter-number\" data-duration=\"2000\" data-to-value=\"100\" data-from-value=\"0\" data-delimiter=\",\">0<\/span>\n\t\t\t\t<span class=\"elementor-counter-number-suffix\"><\/span>\n\t\t\t<\/div>\n\t\t<\/div>\n\t\t\t\t\t\t<\/div>\n\t\t\t\t<\/div>\n\t\t\t\t<\/div>\n\t\t\t\t\t<\/div>\n\t\t\t\t<\/div>\n\t\t<div class=\"elementor-element elementor-element-009a2b0 e-flex e-con-boxed e-con e-parent\" data-id=\"009a2b0\" data-element_type=\"container\" data-e-type=\"container\" data-settings=\"{&quot;background_background&quot;:&quot;classic&quot;}\">\n\t\t\t\t\t<div class=\"e-con-inner\">\n\t\t<div class=\"elementor-element elementor-element-d427581 e-con-full e-flex e-con e-child\" data-id=\"d427581\" data-element_type=\"container\" data-e-type=\"container\">\n\t\t\t\t<div class=\"elementor-element elementor-element-7c9a1d5 elementor-widget elementor-widget-heading\" data-id=\"7c9a1d5\" data-element_type=\"widget\" data-e-type=\"widget\" data-widget_type=\"heading.default\">\n\t\t\t\t<div class=\"elementor-widget-container\">\n\t\t\t\t\t<h2 class=\"elementor-heading-title elementor-size-default\">Confort y estilo para toda la familia, elegido con cari\u00f1o solo para ti.<\/h2>\t\t\t\t<\/div>\n\t\t\t\t<\/div>\n\t\t\t\t<div class=\"elementor-element elementor-element-e6112a9 elementor-align-center elementor-widget elementor-widget-button\" data-id=\"e6112a9\" data-element_type=\"widget\" data-e-type=\"widget\" data-widget_type=\"button.default\">\n\t\t\t\t<div class=\"elementor-widget-container\">\n\t\t\t\t\t\t\t\t\t<div class=\"elementor-button-wrapper\">\n\t\t\t\t\t<a class=\"elementor-button elementor-button-link elementor-size-sm\" href=\"https:\/\/modimelandla.es\/productos\/\">\n\t\t\t\t\t\t<span class=\"elementor-button-content-wrapper\">\n\t\t\t\t\t\t\t\t\t<span class=\"elementor-button-text\">Haz clic aqu\u00ed<\/span>\n\t\t\t\t\t<\/span>\n\t\t\t\t\t<\/a>\n\t\t\t\t<\/div>\n\t\t\t\t\t\t\t\t<\/div>\n\t\t\t\t<\/div>\n\t\t\t\t<\/div>\n\t\t\t\t\t<\/div>\n\t\t\t\t<\/div>\n\t\t\t\t<\/div>\n\t\t","protected":false},"excerpt":{"rendered":"<p>Modimel&#038;la Elegancia en cada detalle, comodidad en cada prenda. Saber M\u00e1s Sobre Nosotros Somos amantes del estilo, la comodidad y la autoestima. Ofrecemos una gran variedad de Ropa interior, Pijamas, Accesorios, Lencer\u00eda y m\u00e1s, a precios accesibles, pensadas para realzar todos los cuerpos y gustos. Aqu\u00ed encontrar\u00e1s prendas de calidad, llenas de color, encanto y [&hellip;]<\/p>\n","protected":false},"author":1,"featured_media":0,"parent":0,"menu_order":0,"comment_status":"closed","ping_status":"closed","template":"elementor_canvas","meta":{"footnotes":""},"class_list":["post-2","page","type-page","status-publish","hentry"],"yoast_head":"<!-- This site is optimized with the Yoast SEO plugin v27.3 - https:\/\/yoast.com\/product\/yoast-seo-wordpress\/ -->\n<title>Inicio - Modimel&amp;la<\/title>\n<meta name=\"robots\" content=\"index, follow, max-snippet:-1, max-image-preview:large, max-video-preview:-1\" \/>\n<link rel=\"canonical\" href=\"https:\/\/modimelandla.es\/en\/\" \/>\n<meta property=\"og:locale\" content=\"en_GB\" \/>\n<meta property=\"og:type\" content=\"article\" \/>\n<meta property=\"og:title\" content=\"Inicio - Modimel&amp;la\" \/>\n<meta property=\"og:description\" content=\"Modimel&#038;la Elegancia en cada detalle, comodidad en cada prenda. Saber M\u00e1s Sobre Nosotros Somos amantes del estilo, la comodidad y la autoestima. Ofrecemos una gran variedad de Ropa interior, Pijamas, Accesorios, Lencer\u00eda y m\u00e1s, a precios accesibles, pensadas para realzar todos los cuerpos y gustos. Aqu\u00ed encontrar\u00e1s prendas de calidad, llenas de color, encanto y [&hellip;]\" \/>\n<meta property=\"og:url\" content=\"https:\/\/modimelandla.es\/en\/\" \/>\n<meta property=\"og:site_name\" content=\"Modimel&amp;la\" \/>\n<meta property=\"article:modified_time\" content=\"2025-04-24T15:46:07+00:00\" \/>\n<meta property=\"og:image\" content=\"https:\/\/modimelandla.es\/wp-content\/uploads\/2024\/09\/collection-1-853x1024.jpg\" \/>\n<meta name=\"twitter:card\" content=\"summary_large_image\" \/>\n<meta name=\"twitter:label1\" content=\"Estimated reading time\" \/>\n\t<meta name=\"twitter:data1\" content=\"6 minutes\" \/>\n<script type=\"application\/ld+json\" class=\"yoast-schema-graph\">{\"@context\":\"https:\\\/\\\/schema.org\",\"@graph\":[{\"@type\":\"WebPage\",\"@id\":\"https:\\\/\\\/modimelandla.es\\\/\",\"url\":\"https:\\\/\\\/modimelandla.es\\\/\",\"name\":\"Inicio - Modimel&amp;la\",\"isPartOf\":{\"@id\":\"https:\\\/\\\/modimelandla.es\\\/#website\"},\"primaryImageOfPage\":{\"@id\":\"https:\\\/\\\/modimelandla.es\\\/#primaryimage\"},\"image\":{\"@id\":\"https:\\\/\\\/modimelandla.es\\\/#primaryimage\"},\"thumbnailUrl\":\"https:\\\/\\\/modimelandla.es\\\/wp-content\\\/uploads\\\/2025\\\/04\\\/WhatsApp-Image-2025-04-24-at-17.09.41-e1745509346935-1024x506.jpeg\",\"datePublished\":\"2024-09-13T07:47:38+00:00\",\"dateModified\":\"2025-04-24T15:46:07+00:00\",\"breadcrumb\":{\"@id\":\"https:\\\/\\\/modimelandla.es\\\/#breadcrumb\"},\"inLanguage\":\"en-GB\",\"potentialAction\":[{\"@type\":\"ReadAction\",\"target\":[\"https:\\\/\\\/modimelandla.es\\\/\"]}]},{\"@type\":\"ImageObject\",\"inLanguage\":\"en-GB\",\"@id\":\"https:\\\/\\\/modimelandla.es\\\/#primaryimage\",\"url\":\"https:\\\/\\\/modimelandla.es\\\/wp-content\\\/uploads\\\/2025\\\/04\\\/WhatsApp-Image-2025-04-24-at-17.09.41-e1745509346935-1024x506.jpeg\",\"contentUrl\":\"https:\\\/\\\/modimelandla.es\\\/wp-content\\\/uploads\\\/2025\\\/04\\\/WhatsApp-Image-2025-04-24-at-17.09.41-e1745509346935-1024x506.jpeg\"},{\"@type\":\"BreadcrumbList\",\"@id\":\"https:\\\/\\\/modimelandla.es\\\/#breadcrumb\",\"itemListElement\":[{\"@type\":\"ListItem\",\"position\":1,\"name\":\"Portada\",\"item\":\"https:\\\/\\\/modimelandla.es\\\/\"},{\"@type\":\"ListItem\",\"position\":2,\"name\":\"Sobre Nosotros\"}]},{\"@type\":\"WebSite\",\"@id\":\"https:\\\/\\\/modimelandla.es\\\/#website\",\"url\":\"https:\\\/\\\/modimelandla.es\\\/\",\"name\":\"Modimel&amp;la\",\"description\":\"Tu tienda de moda \u00edntima y ba\u00f1o en el coraz\u00f3n de Getxo. Las Arenas. Atenci\u00f3n personalizada. \u00a1Vis\u00edtanos!\",\"potentialAction\":[{\"@type\":\"SearchAction\",\"target\":{\"@type\":\"EntryPoint\",\"urlTemplate\":\"https:\\\/\\\/modimelandla.es\\\/?s={search_term_string}\"},\"query-input\":{\"@type\":\"PropertyValueSpecification\",\"valueRequired\":true,\"valueName\":\"search_term_string\"}}],\"inLanguage\":\"en-GB\"}]}<\/script>\n<!-- \/ Yoast SEO plugin. -->","yoast_head_json":{"title":"Inicio - Modimel&amp;la","robots":{"index":"index","follow":"follow","max-snippet":"max-snippet:-1","max-image-preview":"max-image-preview:large","max-video-preview":"max-video-preview:-1"},"canonical":"https:\/\/modimelandla.es\/en\/","og_locale":"en_GB","og_type":"article","og_title":"Inicio - Modimel&amp;la","og_description":"Modimel&#038;la Elegancia en cada detalle, comodidad en cada prenda. Saber M\u00e1s Sobre Nosotros Somos amantes del estilo, la comodidad y la autoestima. Ofrecemos una gran variedad de Ropa interior, Pijamas, Accesorios, Lencer\u00eda y m\u00e1s, a precios accesibles, pensadas para realzar todos los cuerpos y gustos. Aqu\u00ed encontrar\u00e1s prendas de calidad, llenas de color, encanto y [&hellip;]","og_url":"https:\/\/modimelandla.es\/en\/","og_site_name":"Modimel&amp;la","article_modified_time":"2025-04-24T15:46:07+00:00","og_image":[{"url":"https:\/\/modimelandla.es\/wp-content\/uploads\/2024\/09\/collection-1-853x1024.jpg","type":"","width":"","height":""}],"twitter_card":"summary_large_image","twitter_misc":{"Estimated reading time":"6 minutes"},"schema":{"@context":"https:\/\/schema.org","@graph":[{"@type":"WebPage","@id":"https:\/\/modimelandla.es\/","url":"https:\/\/modimelandla.es\/","name":"Inicio - Modimel&amp;la","isPartOf":{"@id":"https:\/\/modimelandla.es\/#website"},"primaryImageOfPage":{"@id":"https:\/\/modimelandla.es\/#primaryimage"},"image":{"@id":"https:\/\/modimelandla.es\/#primaryimage"},"thumbnailUrl":"https:\/\/modimelandla.es\/wp-content\/uploads\/2025\/04\/WhatsApp-Image-2025-04-24-at-17.09.41-e1745509346935-1024x506.jpeg","datePublished":"2024-09-13T07:47:38+00:00","dateModified":"2025-04-24T15:46:07+00:00","breadcrumb":{"@id":"https:\/\/modimelandla.es\/#breadcrumb"},"inLanguage":"en-GB","potentialAction":[{"@type":"ReadAction","target":["https:\/\/modimelandla.es\/"]}]},{"@type":"ImageObject","inLanguage":"en-GB","@id":"https:\/\/modimelandla.es\/#primaryimage","url":"https:\/\/modimelandla.es\/wp-content\/uploads\/2025\/04\/WhatsApp-Image-2025-04-24-at-17.09.41-e1745509346935-1024x506.jpeg","contentUrl":"https:\/\/modimelandla.es\/wp-content\/uploads\/2025\/04\/WhatsApp-Image-2025-04-24-at-17.09.41-e1745509346935-1024x506.jpeg"},{"@type":"BreadcrumbList","@id":"https:\/\/modimelandla.es\/#breadcrumb","itemListElement":[{"@type":"ListItem","position":1,"name":"Portada","item":"https:\/\/modimelandla.es\/"},{"@type":"ListItem","position":2,"name":"Sobre Nosotros"}]},{"@type":"WebSite","@id":"https:\/\/modimelandla.es\/#website","url":"https:\/\/modimelandla.es\/","name":"Modimel&amp;la","description":"Tu tienda de moda \u00edntima y ba\u00f1o en el coraz\u00f3n de Getxo. Las Arenas. Atenci\u00f3n personalizada. \u00a1Vis\u00edtanos!","potentialAction":[{"@type":"SearchAction","target":{"@type":"EntryPoint","urlTemplate":"https:\/\/modimelandla.es\/?s={search_term_string}"},"query-input":{"@type":"PropertyValueSpecification","valueRequired":true,"valueName":"search_term_string"}}],"inLanguage":"en-GB"}]}},"_links":{"self":[{"href":"https:\/\/modimelandla.es\/en\/wp-json\/wp\/v2\/pages\/2","targetHints":{"allow":["GET"]}}],"collection":[{"href":"https:\/\/modimelandla.es\/en\/wp-json\/wp\/v2\/pages"}],"about":[{"href":"https:\/\/modimelandla.es\/en\/wp-json\/wp\/v2\/types\/page"}],"author":[{"embeddable":true,"href":"https:\/\/modimelandla.es\/en\/wp-json\/wp\/v2\/users\/1"}],"replies":[{"embeddable":true,"href":"https:\/\/modimelandla.es\/en\/wp-json\/wp\/v2\/comments?post=2"}],"version-history":[{"count":555,"href":"https:\/\/modimelandla.es\/en\/wp-json\/wp\/v2\/pages\/2\/revisions"}],"predecessor-version":[{"id":2824,"href":"https:\/\/modimelandla.es\/en\/wp-json\/wp\/v2\/pages\/2\/revisions\/2824"}],"wp:attachment":[{"href":"https:\/\/modimelandla.es\/en\/wp-json\/wp\/v2\/media?parent=2"}],"curies":[{"name":"wp","href":"https:\/\/api.w.org\/{rel}","templated":true}]}}