{"id":11,"date":"2024-09-13T08:08:31","date_gmt":"2024-09-13T08:08:31","guid":{"rendered":"https:\/\/lenceriaimas.rkinformatika.online\/?page_id=11"},"modified":"2025-04-24T11:32:21","modified_gmt":"2025-04-24T11:32:21","slug":"productos","status":"publish","type":"page","link":"https:\/\/modimelandla.es\/en\/productos\/","title":{"rendered":"Produktuak"},"content":{"rendered":"<div data-elementor-type=\"wp-page\" data-elementor-id=\"11\" class=\"elementor elementor-11\" data-elementor-post-type=\"page\">\n\t\t\t\t<div class=\"elementor-element elementor-element-4d818ad1 e-flex e-con-boxed e-con e-parent\" data-id=\"4d818ad1\" data-element_type=\"container\" data-e-type=\"container\" data-settings=\"{&quot;background_background&quot;:&quot;classic&quot;}\">\n\t\t\t\t\t<div class=\"e-con-inner\">\n\t\t<div class=\"elementor-element elementor-element-8b3fd22 e-con-full e-flex e-con e-child\" data-id=\"8b3fd22\" data-element_type=\"container\" data-e-type=\"container\" data-settings=\"{&quot;background_background&quot;:&quot;classic&quot;}\">\n\t\t<div class=\"elementor-element elementor-element-4bd986e7 e-con-full e-flex e-con e-child\" data-id=\"4bd986e7\" data-element_type=\"container\" data-e-type=\"container\" data-settings=\"{&quot;background_background&quot;:&quot;classic&quot;}\">\n\t\t\t\t<\/div>\n\t\t\t\t<\/div>\n\t\t\t\t\t<\/div>\n\t\t\t\t<\/div>\n\t\t\t\t<section class=\"elementor-section elementor-top-section elementor-element elementor-element-5d3a6dc3 elementor-section-content-middle elementor-section-boxed elementor-section-height-default elementor-section-height-default\" data-id=\"5d3a6dc3\" data-element_type=\"section\" data-e-type=\"section\" data-settings=\"{&quot;background_background&quot;:&quot;classic&quot;}\">\n\t\t\t\t\t\t\t<div class=\"elementor-background-overlay\"><\/div>\n\t\t\t\t\t\t\t<div class=\"elementor-container elementor-column-gap-wide\">\n\t\t\t\t\t<div class=\"elementor-column elementor-col-100 elementor-top-column elementor-element elementor-element-7a1fc6e8\" data-id=\"7a1fc6e8\" data-element_type=\"column\" data-e-type=\"column\">\n\t\t\t<div class=\"elementor-widget-wrap elementor-element-populated\">\n\t\t\t\t\t\t<div class=\"elementor-element elementor-element-5529b65d elementor-invisible elementor-widget elementor-widget-heading\" data-id=\"5529b65d\" data-element_type=\"widget\" data-e-type=\"widget\" data-settings=\"{&quot;_animation&quot;:&quot;fadeIn&quot;,&quot;_animation_delay&quot;:100}\" data-widget_type=\"heading.default\">\n\t\t\t\t<div class=\"elementor-widget-container\">\n\t\t\t\t\t<h2 class=\"elementor-heading-title elementor-size-default\">Viste lo que te define, si\u00e9ntete \u00fanica<\/h2>\t\t\t\t<\/div>\n\t\t\t\t<\/div>\n\t\t\t\t<div class=\"elementor-element elementor-element-2e19d04a elementor-widget-divider--view-line elementor-invisible elementor-widget elementor-widget-divider\" data-id=\"2e19d04a\" data-element_type=\"widget\" data-e-type=\"widget\" data-settings=\"{&quot;_animation&quot;:&quot;fadeIn&quot;,&quot;_animation_delay&quot;:300}\" data-widget_type=\"divider.default\">\n\t\t\t\t<div class=\"elementor-widget-container\">\n\t\t\t\t\t\t\t<div class=\"elementor-divider\">\n\t\t\t<span class=\"elementor-divider-separator\">\n\t\t\t\t\t\t<\/span>\n\t\t<\/div>\n\t\t\t\t\t\t<\/div>\n\t\t\t\t<\/div>\n\t\t\t\t<section class=\"elementor-section elementor-inner-section elementor-element elementor-element-6b083d83 envato-kit-141-top-0 elementor-section-boxed elementor-section-height-default elementor-section-height-default\" data-id=\"6b083d83\" data-element_type=\"section\" data-e-type=\"section\">\n\t\t\t\t\t\t<div class=\"elementor-container elementor-column-gap-default\">\n\t\t\t\t\t<div class=\"elementor-column elementor-col-25 elementor-inner-column elementor-element elementor-element-1a53aea5 elementor-invisible\" data-id=\"1a53aea5\" data-element_type=\"column\" data-e-type=\"column\" data-settings=\"{&quot;background_background&quot;:&quot;classic&quot;,&quot;animation&quot;:&quot;fadeIn&quot;,&quot;animation_delay&quot;:100}\">\n\t\t\t<div class=\"elementor-widget-wrap elementor-element-populated\">\n\t\t\t\t\t\t<div class=\"elementor-element elementor-element-2ae0ecce elementor-widget elementor-widget-image\" data-id=\"2ae0ecce\" data-element_type=\"widget\" data-e-type=\"widget\" data-widget_type=\"image.default\">\n\t\t\t\t<div class=\"elementor-widget-container\">\n\t\t\t\t\t\t\t\t\t\t\t\t\t\t\t<img decoding=\"async\" src=\"https:\/\/modimelandla.es\/wp-content\/uploads\/elementor\/thumbs\/red-lingerie-and-jeans-scattered-on-the-floor-messy-clothes-r4jgnyrxu8020p2xos705eb9jio8uaxp82jeanb0dc.jpg\" title=\"Red lingerie and jeans scattered on the floor. Messy clothes\" alt=\"Red lingerie and jeans scattered on the floor. Messy clothes\" loading=\"lazy\" \/>\t\t\t\t\t\t\t\t\t\t\t\t\t\t\t<\/div>\n\t\t\t\t<\/div>\n\t\t\t\t<div class=\"elementor-element elementor-element-46af2d1e elementor-widget elementor-widget-heading\" data-id=\"46af2d1e\" data-element_type=\"widget\" data-e-type=\"widget\" data-widget_type=\"heading.default\">\n\t\t\t\t<div class=\"elementor-widget-container\">\n\t\t\t\t\t<h2 class=\"elementor-heading-title elementor-size-default\">Lencer\u00eda<\/h2>\t\t\t\t<\/div>\n\t\t\t\t<\/div>\n\t\t\t\t<div class=\"elementor-element elementor-element-57b27189 elementor-widget elementor-widget-text-editor\" data-id=\"57b27189\" data-element_type=\"widget\" data-e-type=\"widget\" data-widget_type=\"text-editor.default\">\n\t\t\t\t<div class=\"elementor-widget-container\">\n\t\t\t\t\t\t\t\t\t<p>Encuentra conjuntos c\u00f3modos, sensuales y elegantes para todos los d\u00edas o momentos especiales.<\/p><ul><li>Sujetadores y Bralettes<\/li><li>Bragas y Tangas<\/li><li>Conjuntos de lencer\u00eda<\/li><li>Bodies<\/li><\/ul>\t\t\t\t\t\t\t\t<\/div>\n\t\t\t\t<\/div>\n\t\t\t\t\t<\/div>\n\t\t<\/div>\n\t\t\t\t<div class=\"elementor-column elementor-col-25 elementor-inner-column elementor-element elementor-element-7753b3e2 elementor-invisible\" data-id=\"7753b3e2\" data-element_type=\"column\" data-e-type=\"column\" data-settings=\"{&quot;background_background&quot;:&quot;classic&quot;,&quot;animation&quot;:&quot;fadeIn&quot;,&quot;animation_delay&quot;:200}\">\n\t\t\t<div class=\"elementor-widget-wrap elementor-element-populated\">\n\t\t\t\t\t\t<div class=\"elementor-element elementor-element-375b3a32 elementor-widget elementor-widget-image\" data-id=\"375b3a32\" data-element_type=\"widget\" data-e-type=\"widget\" data-widget_type=\"image.default\">\n\t\t\t\t<div class=\"elementor-widget-container\">\n\t\t\t\t\t\t\t\t\t\t\t\t\t\t\t<img decoding=\"async\" src=\"https:\/\/modimelandla.es\/wp-content\/uploads\/elementor\/thumbs\/kids-pajamas-in-a-wardrobe-r4jgp6ycrfoj6daritagwl5xgmmhw2t32577unhi8w.jpg\" title=\"Kids pajamas in a wardrobe\" alt=\"Kids pajamas in a wardrobe\" loading=\"lazy\" \/>\t\t\t\t\t\t\t\t\t\t\t\t\t\t\t<\/div>\n\t\t\t\t<\/div>\n\t\t\t\t<div class=\"elementor-element elementor-element-7c725b1d elementor-widget elementor-widget-heading\" data-id=\"7c725b1d\" data-element_type=\"widget\" data-e-type=\"widget\" data-widget_type=\"heading.default\">\n\t\t\t\t<div class=\"elementor-widget-container\">\n\t\t\t\t\t<h2 class=\"elementor-heading-title elementor-size-default\">Pijamas<\/h2>\t\t\t\t<\/div>\n\t\t\t\t<\/div>\n\t\t\t\t<div class=\"elementor-element elementor-element-354b15dd elementor-widget elementor-widget-text-editor\" data-id=\"354b15dd\" data-element_type=\"widget\" data-e-type=\"widget\" data-widget_type=\"text-editor.default\">\n\t\t\t\t<div class=\"elementor-widget-container\">\n\t\t\t\t\t\t\t\t\t<p>Pijamas suaves, confortables y estilosos para tu descanso perfecto.<\/p><ul><li>Pijamas largos y cortos<\/li><li>Camisones<\/li><li>Batas y kimonos<\/li><li>Conjuntos para todas las estaciones<\/li><\/ul>\t\t\t\t\t\t\t\t<\/div>\n\t\t\t\t<\/div>\n\t\t\t\t\t<\/div>\n\t\t<\/div>\n\t\t\t\t<div class=\"elementor-column elementor-col-25 elementor-inner-column elementor-element elementor-element-5f4f7ec elementor-invisible\" data-id=\"5f4f7ec\" data-element_type=\"column\" data-e-type=\"column\" data-settings=\"{&quot;background_background&quot;:&quot;classic&quot;,&quot;animation&quot;:&quot;fadeIn&quot;,&quot;animation_delay&quot;:300}\">\n\t\t\t<div class=\"elementor-widget-wrap elementor-element-populated\">\n\t\t\t\t\t\t<div class=\"elementor-element elementor-element-337f5009 elementor-widget elementor-widget-image\" data-id=\"337f5009\" data-element_type=\"widget\" data-e-type=\"widget\" data-widget_type=\"image.default\">\n\t\t\t\t<div class=\"elementor-widget-container\">\n\t\t\t\t\t\t\t\t\t\t\t\t\t\t\t<img decoding=\"async\" src=\"https:\/\/modimelandla.es\/wp-content\/uploads\/elementor\/thumbs\/set-of-beach-clothes-pink-bikini-r4jgsgg6hq5dhmk3gq2u29ijpsjdm8rj6aqwu8nan4.jpg\" title=\"Set of beach clothes. Pink bikini\" alt=\"Set of beach clothes. Pink bikini\" loading=\"lazy\" \/>\t\t\t\t\t\t\t\t\t\t\t\t\t\t\t<\/div>\n\t\t\t\t<\/div>\n\t\t\t\t<div class=\"elementor-element elementor-element-5455c90d elementor-widget elementor-widget-heading\" data-id=\"5455c90d\" data-element_type=\"widget\" data-e-type=\"widget\" data-widget_type=\"heading.default\">\n\t\t\t\t<div class=\"elementor-widget-container\">\n\t\t\t\t\t<h2 class=\"elementor-heading-title elementor-size-default\"> Ba\u00f1o<\/h2>\t\t\t\t<\/div>\n\t\t\t\t<\/div>\n\t\t\t\t<div class=\"elementor-element elementor-element-1bdeebb2 elementor-widget elementor-widget-text-editor\" data-id=\"1bdeebb2\" data-element_type=\"widget\" data-e-type=\"widget\" data-widget_type=\"text-editor.default\">\n\t\t\t\t<div class=\"elementor-widget-container\">\n\t\t\t\t\t\t\t\t\t<p>Dise\u00f1os modernos y funcionales para la playa y la piscina.<\/p><ul><li>Bikinis y ba\u00f1adores<\/li><li>Salidas de ba\u00f1o<\/li><li>Toallas y accesorios<\/li><\/ul>\t\t\t\t\t\t\t\t<\/div>\n\t\t\t\t<\/div>\n\t\t\t\t\t<\/div>\n\t\t<\/div>\n\t\t\t\t<div class=\"elementor-column elementor-col-25 elementor-inner-column elementor-element elementor-element-710b301 elementor-invisible\" data-id=\"710b301\" data-element_type=\"column\" data-e-type=\"column\" data-settings=\"{&quot;background_background&quot;:&quot;classic&quot;,&quot;animation&quot;:&quot;fadeIn&quot;,&quot;animation_delay&quot;:300}\">\n\t\t\t<div class=\"elementor-widget-wrap elementor-element-populated\">\n\t\t\t\t\t\t<div class=\"elementor-element elementor-element-b73cac5 elementor-widget elementor-widget-image\" data-id=\"b73cac5\" data-element_type=\"widget\" data-e-type=\"widget\" data-widget_type=\"image.default\">\n\t\t\t\t<div class=\"elementor-widget-container\">\n\t\t\t\t\t\t\t\t\t\t\t\t\t\t\t<img decoding=\"async\" src=\"https:\/\/modimelandla.es\/wp-content\/uploads\/elementor\/thumbs\/fashion-woman-accessories-isolated-on-color-background-r4jgvcs9kc47accjjh6f916pnk94cn9qkn5t3yclgg.jpg\" title=\"Fashion woman accessories isolated on color background\" alt=\"Fashion woman accessories isolated on color background\" loading=\"lazy\" \/>\t\t\t\t\t\t\t\t\t\t\t\t\t\t\t<\/div>\n\t\t\t\t<\/div>\n\t\t\t\t<div class=\"elementor-element elementor-element-c0cf700 elementor-widget elementor-widget-heading\" data-id=\"c0cf700\" data-element_type=\"widget\" data-e-type=\"widget\" data-widget_type=\"heading.default\">\n\t\t\t\t<div class=\"elementor-widget-container\">\n\t\t\t\t\t<h2 class=\"elementor-heading-title elementor-size-default\">Complementos<\/h2>\t\t\t\t<\/div>\n\t\t\t\t<\/div>\n\t\t\t\t<div class=\"elementor-element elementor-element-95aa7fc elementor-widget elementor-widget-text-editor\" data-id=\"95aa7fc\" data-element_type=\"widget\" data-e-type=\"widget\" data-widget_type=\"text-editor.default\">\n\t\t\t\t<div class=\"elementor-widget-container\">\n\t\t\t\t\t\t\t\t\t<p>Detalles que marcan la diferencia.<\/p><ul><li>Pantuflas y calcetines<\/li><li>Neceseres<\/li><li>Accesorios de moda<\/li><\/ul>\t\t\t\t\t\t\t\t<\/div>\n\t\t\t\t<\/div>\n\t\t\t\t\t<\/div>\n\t\t<\/div>\n\t\t\t\t\t<\/div>\n\t\t<\/section>\n\t\t\t\t\t<\/div>\n\t\t<\/div>\n\t\t\t\t\t<\/div>\n\t\t<\/section>\n\t\t<div class=\"elementor-element elementor-element-a1f4777 e-con-full e-flex e-con e-parent\" data-id=\"a1f4777\" data-element_type=\"container\" data-e-type=\"container\" data-settings=\"{&quot;background_background&quot;:&quot;classic&quot;}\">\n\t\t<div class=\"elementor-element elementor-element-58e18a7 e-flex e-con-boxed e-con e-child\" data-id=\"58e18a7\" data-element_type=\"container\" data-e-type=\"container\">\n\t\t\t\t\t<div class=\"e-con-inner\">\n\t\t<div class=\"elementor-element elementor-element-2ab3c142 e-flex e-con-boxed e-con e-child\" data-id=\"2ab3c142\" data-element_type=\"container\" data-e-type=\"container\">\n\t\t\t\t\t<div class=\"e-con-inner\">\n\t\t\t\t<div class=\"elementor-element elementor-element-95c9e21 elementor-invisible elementor-widget elementor-widget-heading\" data-id=\"95c9e21\" data-element_type=\"widget\" data-e-type=\"widget\" data-settings=\"{&quot;_animation&quot;:&quot;fadeInRight&quot;}\" data-widget_type=\"heading.default\">\n\t\t\t\t<div class=\"elementor-widget-container\">\n\t\t\t\t\t<h2 class=\"elementor-heading-title elementor-size-default\">Detalles con encanto que completan tu estilo diario.<\/h2>\t\t\t\t<\/div>\n\t\t\t\t<\/div>\n\t\t\t\t<div class=\"elementor-element elementor-element-e968b7a elementor-align-center elementor-invisible elementor-widget elementor-widget-button\" data-id=\"e968b7a\" data-element_type=\"widget\" data-e-type=\"widget\" data-settings=\"{&quot;_animation&quot;:&quot;fadeInLeft&quot;}\" data-widget_type=\"button.default\">\n\t\t\t\t<div class=\"elementor-widget-container\">\n\t\t\t\t\t\t\t\t\t<div class=\"elementor-button-wrapper\">\n\t\t\t\t\t<a class=\"elementor-button elementor-button-link elementor-size-sm elementor-animation-hang\" href=\"https:\/\/modimelandla.es\/en\/contacto\/\">\n\t\t\t\t\t\t<span class=\"elementor-button-content-wrapper\">\n\t\t\t\t\t\t\t\t\t<span class=\"elementor-button-text\">Cont\u00e1ctanos<\/span>\n\t\t\t\t\t<\/span>\n\t\t\t\t\t<\/a>\n\t\t\t\t<\/div>\n\t\t\t\t\t\t\t\t<\/div>\n\t\t\t\t<\/div>\n\t\t\t\t\t<\/div>\n\t\t\t\t<\/div>\n\t\t\t\t\t<\/div>\n\t\t\t\t<\/div>\n\t\t\t\t<\/div>\n\t\t\t\t<\/div>","protected":false},"excerpt":{"rendered":"<p>Viste lo que te define, si\u00e9ntete \u00fanica Lencer\u00eda Encuentra conjuntos c\u00f3modos, sensuales y elegantes para todos los d\u00edas o momentos especiales. Sujetadores y Bralettes Bragas y Tangas Conjuntos de lencer\u00eda Bodies Pijamas Pijamas suaves, confortables y estilosos para tu descanso perfecto. Pijamas largos y cortos Camisones Batas y kimonos Conjuntos para todas las estaciones Ba\u00f1o [&hellip;]<\/p>\n","protected":false},"author":1,"featured_media":0,"parent":0,"menu_order":0,"comment_status":"closed","ping_status":"closed","template":"elementor_canvas","meta":{"footnotes":""},"class_list":["post-11","page","type-page","status-publish","hentry"],"yoast_head":"<!-- This site is optimized with the Yoast SEO plugin v27.3 - https:\/\/yoast.com\/product\/yoast-seo-wordpress\/ -->\n<title>Productos - Modimel&amp;la<\/title>\n<meta name=\"robots\" content=\"index, follow, max-snippet:-1, max-image-preview:large, max-video-preview:-1\" \/>\n<link rel=\"canonical\" href=\"https:\/\/modimelandla.es\/en\/productos\/\" \/>\n<meta property=\"og:locale\" content=\"en_GB\" \/>\n<meta property=\"og:type\" content=\"article\" \/>\n<meta property=\"og:title\" content=\"Productos - Modimel&amp;la\" \/>\n<meta property=\"og:description\" content=\"Viste lo que te define, si\u00e9ntete \u00fanica Lencer\u00eda Encuentra conjuntos c\u00f3modos, sensuales y elegantes para todos los d\u00edas o momentos especiales. Sujetadores y Bralettes Bragas y Tangas Conjuntos de lencer\u00eda Bodies Pijamas Pijamas suaves, confortables y estilosos para tu descanso perfecto. Pijamas largos y cortos Camisones Batas y kimonos Conjuntos para todas las estaciones Ba\u00f1o [&hellip;]\" \/>\n<meta property=\"og:url\" content=\"https:\/\/modimelandla.es\/en\/productos\/\" \/>\n<meta property=\"og:site_name\" content=\"Modimel&amp;la\" \/>\n<meta property=\"article:modified_time\" content=\"2025-04-24T11:32:21+00:00\" \/>\n<meta property=\"og:image\" content=\"https:\/\/modimelandla.es\/wp-content\/uploads\/2024\/09\/edited_IMG_20240918_172921-162x300.jpg\" \/>\n<meta name=\"twitter:card\" content=\"summary_large_image\" \/>\n<meta name=\"twitter:label1\" content=\"Estimated reading time\" \/>\n\t<meta name=\"twitter:data1\" content=\"30 minutes\" \/>\n<script type=\"application\/ld+json\" class=\"yoast-schema-graph\">{\"@context\":\"https:\\\/\\\/schema.org\",\"@graph\":[{\"@type\":\"WebPage\",\"@id\":\"https:\\\/\\\/modimelandla.es\\\/productos\\\/\",\"url\":\"https:\\\/\\\/modimelandla.es\\\/productos\\\/\",\"name\":\"Productos - Modimel&amp;la\",\"isPartOf\":{\"@id\":\"https:\\\/\\\/modimelandla.es\\\/#website\"},\"primaryImageOfPage\":{\"@id\":\"https:\\\/\\\/modimelandla.es\\\/productos\\\/#primaryimage\"},\"image\":{\"@id\":\"https:\\\/\\\/modimelandla.es\\\/productos\\\/#primaryimage\"},\"thumbnailUrl\":\"https:\\\/\\\/modimelandla.es\\\/wp-content\\\/uploads\\\/elementor\\\/thumbs\\\/red-lingerie-and-jeans-scattered-on-the-floor-messy-clothes-r4jgnyrxu8020p2xos705eb9jio8uaxp82jeanb0dc.jpg\",\"datePublished\":\"2024-09-13T08:08:31+00:00\",\"dateModified\":\"2025-04-24T11:32:21+00:00\",\"breadcrumb\":{\"@id\":\"https:\\\/\\\/modimelandla.es\\\/productos\\\/#breadcrumb\"},\"inLanguage\":\"en-GB\",\"potentialAction\":[{\"@type\":\"ReadAction\",\"target\":[\"https:\\\/\\\/modimelandla.es\\\/productos\\\/\"]}]},{\"@type\":\"ImageObject\",\"inLanguage\":\"en-GB\",\"@id\":\"https:\\\/\\\/modimelandla.es\\\/productos\\\/#primaryimage\",\"url\":\"https:\\\/\\\/modimelandla.es\\\/wp-content\\\/uploads\\\/elementor\\\/thumbs\\\/red-lingerie-and-jeans-scattered-on-the-floor-messy-clothes-r4jgnyrxu8020p2xos705eb9jio8uaxp82jeanb0dc.jpg\",\"contentUrl\":\"https:\\\/\\\/modimelandla.es\\\/wp-content\\\/uploads\\\/elementor\\\/thumbs\\\/red-lingerie-and-jeans-scattered-on-the-floor-messy-clothes-r4jgnyrxu8020p2xos705eb9jio8uaxp82jeanb0dc.jpg\"},{\"@type\":\"BreadcrumbList\",\"@id\":\"https:\\\/\\\/modimelandla.es\\\/productos\\\/#breadcrumb\",\"itemListElement\":[{\"@type\":\"ListItem\",\"position\":1,\"name\":\"Portada\",\"item\":\"https:\\\/\\\/modimelandla.es\\\/\"},{\"@type\":\"ListItem\",\"position\":2,\"name\":\"Productos\"}]},{\"@type\":\"WebSite\",\"@id\":\"https:\\\/\\\/modimelandla.es\\\/#website\",\"url\":\"https:\\\/\\\/modimelandla.es\\\/\",\"name\":\"Modimel&amp;la\",\"description\":\"Tu tienda de moda \u00edntima y ba\u00f1o en el coraz\u00f3n de Getxo. Las Arenas. Atenci\u00f3n personalizada. \u00a1Vis\u00edtanos!\",\"potentialAction\":[{\"@type\":\"SearchAction\",\"target\":{\"@type\":\"EntryPoint\",\"urlTemplate\":\"https:\\\/\\\/modimelandla.es\\\/?s={search_term_string}\"},\"query-input\":{\"@type\":\"PropertyValueSpecification\",\"valueRequired\":true,\"valueName\":\"search_term_string\"}}],\"inLanguage\":\"en-GB\"}]}<\/script>\n<!-- \/ Yoast SEO plugin. -->","yoast_head_json":{"title":"Productos - Modimel&amp;la","robots":{"index":"index","follow":"follow","max-snippet":"max-snippet:-1","max-image-preview":"max-image-preview:large","max-video-preview":"max-video-preview:-1"},"canonical":"https:\/\/modimelandla.es\/en\/productos\/","og_locale":"en_GB","og_type":"article","og_title":"Productos - Modimel&amp;la","og_description":"Viste lo que te define, si\u00e9ntete \u00fanica Lencer\u00eda Encuentra conjuntos c\u00f3modos, sensuales y elegantes para todos los d\u00edas o momentos especiales. Sujetadores y Bralettes Bragas y Tangas Conjuntos de lencer\u00eda Bodies Pijamas Pijamas suaves, confortables y estilosos para tu descanso perfecto. Pijamas largos y cortos Camisones Batas y kimonos Conjuntos para todas las estaciones Ba\u00f1o [&hellip;]","og_url":"https:\/\/modimelandla.es\/en\/productos\/","og_site_name":"Modimel&amp;la","article_modified_time":"2025-04-24T11:32:21+00:00","og_image":[{"url":"https:\/\/modimelandla.es\/wp-content\/uploads\/2024\/09\/edited_IMG_20240918_172921-162x300.jpg","type":"","width":"","height":""}],"twitter_card":"summary_large_image","twitter_misc":{"Estimated reading time":"30 minutes"},"schema":{"@context":"https:\/\/schema.org","@graph":[{"@type":"WebPage","@id":"https:\/\/modimelandla.es\/productos\/","url":"https:\/\/modimelandla.es\/productos\/","name":"Productos - Modimel&amp;la","isPartOf":{"@id":"https:\/\/modimelandla.es\/#website"},"primaryImageOfPage":{"@id":"https:\/\/modimelandla.es\/productos\/#primaryimage"},"image":{"@id":"https:\/\/modimelandla.es\/productos\/#primaryimage"},"thumbnailUrl":"https:\/\/modimelandla.es\/wp-content\/uploads\/elementor\/thumbs\/red-lingerie-and-jeans-scattered-on-the-floor-messy-clothes-r4jgnyrxu8020p2xos705eb9jio8uaxp82jeanb0dc.jpg","datePublished":"2024-09-13T08:08:31+00:00","dateModified":"2025-04-24T11:32:21+00:00","breadcrumb":{"@id":"https:\/\/modimelandla.es\/productos\/#breadcrumb"},"inLanguage":"en-GB","potentialAction":[{"@type":"ReadAction","target":["https:\/\/modimelandla.es\/productos\/"]}]},{"@type":"ImageObject","inLanguage":"en-GB","@id":"https:\/\/modimelandla.es\/productos\/#primaryimage","url":"https:\/\/modimelandla.es\/wp-content\/uploads\/elementor\/thumbs\/red-lingerie-and-jeans-scattered-on-the-floor-messy-clothes-r4jgnyrxu8020p2xos705eb9jio8uaxp82jeanb0dc.jpg","contentUrl":"https:\/\/modimelandla.es\/wp-content\/uploads\/elementor\/thumbs\/red-lingerie-and-jeans-scattered-on-the-floor-messy-clothes-r4jgnyrxu8020p2xos705eb9jio8uaxp82jeanb0dc.jpg"},{"@type":"BreadcrumbList","@id":"https:\/\/modimelandla.es\/productos\/#breadcrumb","itemListElement":[{"@type":"ListItem","position":1,"name":"Portada","item":"https:\/\/modimelandla.es\/"},{"@type":"ListItem","position":2,"name":"Productos"}]},{"@type":"WebSite","@id":"https:\/\/modimelandla.es\/#website","url":"https:\/\/modimelandla.es\/","name":"Modimel&amp;la","description":"Tu tienda de moda \u00edntima y ba\u00f1o en el coraz\u00f3n de Getxo. Las Arenas. Atenci\u00f3n personalizada. \u00a1Vis\u00edtanos!","potentialAction":[{"@type":"SearchAction","target":{"@type":"EntryPoint","urlTemplate":"https:\/\/modimelandla.es\/?s={search_term_string}"},"query-input":{"@type":"PropertyValueSpecification","valueRequired":true,"valueName":"search_term_string"}}],"inLanguage":"en-GB"}]}},"_links":{"self":[{"href":"https:\/\/modimelandla.es\/en\/wp-json\/wp\/v2\/pages\/11","targetHints":{"allow":["GET"]}}],"collection":[{"href":"https:\/\/modimelandla.es\/en\/wp-json\/wp\/v2\/pages"}],"about":[{"href":"https:\/\/modimelandla.es\/en\/wp-json\/wp\/v2\/types\/page"}],"author":[{"embeddable":true,"href":"https:\/\/modimelandla.es\/en\/wp-json\/wp\/v2\/users\/1"}],"replies":[{"embeddable":true,"href":"https:\/\/modimelandla.es\/en\/wp-json\/wp\/v2\/comments?post=11"}],"version-history":[{"count":834,"href":"https:\/\/modimelandla.es\/en\/wp-json\/wp\/v2\/pages\/11\/revisions"}],"predecessor-version":[{"id":2815,"href":"https:\/\/modimelandla.es\/en\/wp-json\/wp\/v2\/pages\/11\/revisions\/2815"}],"wp:attachment":[{"href":"https:\/\/modimelandla.es\/en\/wp-json\/wp\/v2\/media?parent=11"}],"curies":[{"name":"wp","href":"https:\/\/api.w.org\/{rel}","templated":true}]}}